{"id":4133,"date":"2023-08-28T14:43:49","date_gmt":"2023-08-28T17:43:49","guid":{"rendered":"https:\/\/anacafe.com.ar\/?page_id=4133"},"modified":"2024-01-03T19:00:32","modified_gmt":"2024-01-03T22:00:32","slug":"como-reservar","status":"publish","type":"page","link":"https:\/\/anacafe.com.ar\/es\/como-reservar\/","title":{"rendered":"Como reservar"},"content":{"rendered":"<p>A trav\u00e9s del calendario que figura en nuestra p\u00e1gina, pod\u00e9s seleccionar d\u00eda y hora de tu consulta para reservar la misma.<br \/>Se implementa -sin excepci\u00f3n- el cobro anticipado del monto completo por adelantado para la reserva de su turno.<br \/>Esta medida es tomada debido al alto numero de cancelaciones sobre la hora, lo que priva a otros clientes la posibilidad de tomar esos turnos.<\/p>\n<p>Te podr\u00e1s comunicar directamente v\u00eda Whatsapp para concretar el pago.<\/p>\n<h3><strong>Te vamos a esperar en<\/strong><br \/><strong>Virgen de la Merced 856 &#8211; 4to. Piso &#8211; (Ex Rivadavia) &#8211; Tucum\u00e1n.<\/strong><\/h3>\n<p>Las formas de pago son las siguientes:<br \/>(Concepto: Honorarios)<\/p>\n<p>BBVA:<br \/>CBU:<br \/>0170070140000077247209<br \/>Alias: BRONCE.FUERTE.GRUMO<\/p>\n<p>Tarjeta Naranja X:\u00a0<br \/>4530000800014585273506<br \/>Alias:\u00a0ACABBAD.NX.ARS<\/p>\n<p style=\"text-align: center;\"><div class=\"booked-calendar-shortcode-wrap\"><div class=\"booked-calendar-wrap large\"><div class=\"booked-calendar booked-pa-active\" data-calendar-id=\"15\" data-calendar-date=\"2026-04-01\">\n\t\t<div class=\"bc-head\">\n\n\t\t\t\n\t\t\t<div class=\"bc-row top\">\n\t\t\t\t<div class=\"bc-col\">\n\t\t\t\t\t\t\t\t\t\t<span class=\"calendarSavingState\">\n\t\t\t\t\t\t<i class=\"fa-solid fa-circle-notch fa-spin\"><\/i>\n\t\t\t\t\t<\/span>\n\t\t\t\t\t<span class=\"monthName\">\n\t\t\t\t\t\tAbril 2026\t\t\t\t\t\t\t\t\t\t\t<\/span>\n\t\t\t\t\t<a href=\"#\" data-goto=\"2026-05-01\" class=\"page-right\"><i class=\"fa-solid fa-arrow-right\"><\/i><\/a>\t\t\t\t<\/div>\n\t\t\t<\/div>\n\t\t\t<div class=\"bc-row days\">\n\t\t\t\t<div class=\"bc-col\">Dom<\/div>\t\t\t\t<div class=\"bc-col\">Lun<\/div>\n\t\t\t\t<div class=\"bc-col\">Mar<\/div>\n\t\t\t\t<div class=\"bc-col\">Mi\u00e9<\/div>\n\t\t\t\t<div class=\"bc-col\">Jue<\/div>\n\t\t\t\t<div class=\"bc-col\">Vie<\/div>\n\t\t\t\t<div class=\"bc-col\">S\u00e1b<\/div>\t\t\t\t\t\t\t<\/div>\n\t\t<\/div>\n\t\t<div class=\"bc-body\"><div class=\"bc-row week\"><div data-date=\"2026-03-29\" class=\"bc-col prev-month prev-date\"><span class=\"date\"><span class=\"number\">29<\/span><\/span><\/div><div data-date=\"2026-03-30\" class=\"bc-col prev-month prev-date\"><span class=\"date\"><span class=\"number\">30<\/span><\/span><\/div><div data-date=\"2026-03-31\" class=\"bc-col prev-month prev-date\"><span class=\"date\"><span class=\"number\">31<\/span><\/span><\/div><div data-date=\"2026-04-1\" class=\"bc-col prev-date\"><span class=\"date\"><span class=\"number\">1<\/span><\/span><\/div><div data-date=\"2026-04-2\" class=\"bc-col prev-date\"><span class=\"date\"><span class=\"number\">2<\/span><\/span><\/div><div data-date=\"2026-04-3\" class=\"bc-col prev-date\"><span class=\"date\"><span class=\"number\">3<\/span><\/span><\/div><div data-date=\"2026-04-4\" class=\"bc-col prev-date\"><span class=\"date\"><span class=\"number\">4<\/span><\/span><\/div><\/div><div class=\"bc-row week\"><div data-date=\"2026-04-5\" class=\"bc-col prev-date\"><span class=\"date\"><span class=\"number\">5<\/span><\/span><\/div><div data-date=\"2026-04-6\" class=\"bc-col prev-date\"><span class=\"date\"><span class=\"number\">6<\/span><\/span><\/div><div data-date=\"2026-04-7\" class=\"bc-col prev-date\"><span class=\"date\"><span class=\"number\">7<\/span><\/span><\/div><div data-date=\"2026-04-8\" class=\"bc-col prev-date\"><span class=\"date\"><span class=\"number\">8<\/span><\/span><\/div><div data-date=\"2026-04-9\" class=\"bc-col prev-date\"><span class=\"date\"><span class=\"number\">9<\/span><\/span><\/div><div data-date=\"2026-04-10\" class=\"bc-col prev-date\"><span class=\"date\"><span class=\"number\">10<\/span><\/span><\/div><div data-date=\"2026-04-11\" class=\"bc-col prev-date\"><span class=\"date\"><span class=\"number\">11<\/span><\/span><\/div><\/div><div class=\"bc-row week\"><div data-date=\"2026-04-12\" class=\"bc-col prev-date\"><span class=\"date\"><span class=\"number\">12<\/span><\/span><\/div><div data-date=\"2026-04-13\" class=\"bc-col prev-date\"><span class=\"date\"><span class=\"number\">13<\/span><\/span><\/div><div data-date=\"2026-04-14\" class=\"bc-col prev-date\"><span class=\"date\"><span class=\"number\">14<\/span><\/span><\/div><div data-date=\"2026-04-15\" class=\"bc-col prev-date\"><span class=\"date\"><span class=\"number\">15<\/span><\/span><\/div><div data-date=\"2026-04-16\" class=\"bc-col today\"><span class=\"date tooltipster\" title=\"None Available\"\"><span class=\"number\">16<\/span><\/span><\/div><div data-date=\"2026-04-17\" class=\"bc-col\"><span class=\"date tooltipster\" title=\"1 Available\"><span class=\"number\">17<\/span><\/span><\/div><div data-date=\"2026-04-18\" class=\"bc-col prev-date\"><span class=\"date\"><span class=\"number\">18<\/span><\/span><\/div><\/div><div class=\"bc-row week\"><div data-date=\"2026-04-19\" class=\"bc-col prev-date\"><span class=\"date\"><span class=\"number\">19<\/span><\/span><\/div><div data-date=\"2026-04-20\" class=\"bc-col\"><span class=\"date tooltipster\" title=\"4 Available\"><span class=\"number\">20<\/span><\/span><\/div><div data-date=\"2026-04-21\" class=\"bc-col\"><span class=\"date tooltipster\" title=\"7 Available\"><span class=\"number\">21<\/span><\/span><\/div><div data-date=\"2026-04-22\" class=\"bc-col\"><span class=\"date tooltipster\" title=\"7 Available\"><span class=\"number\">22<\/span><\/span><\/div><div data-date=\"2026-04-23\" class=\"bc-col\"><span class=\"date tooltipster\" title=\"4 Available\"><span class=\"number\">23<\/span><\/span><\/div><div data-date=\"2026-04-24\" class=\"bc-col\"><span class=\"date tooltipster\" title=\"7 Available\"><span class=\"number\">24<\/span><\/span><\/div><div data-date=\"2026-04-25\" class=\"bc-col prev-date\"><span class=\"date\"><span class=\"number\">25<\/span><\/span><\/div><\/div><div class=\"bc-row week\"><div data-date=\"2026-04-26\" class=\"bc-col prev-date\"><span class=\"date\"><span class=\"number\">26<\/span><\/span><\/div><div data-date=\"2026-04-27\" class=\"bc-col\"><span class=\"date tooltipster\" title=\"7 Available\"><span class=\"number\">27<\/span><\/span><\/div><div data-date=\"2026-04-28\" class=\"bc-col\"><span class=\"date tooltipster\" title=\"7 Available\"><span class=\"number\">28<\/span><\/span><\/div><div data-date=\"2026-04-29\" class=\"bc-col\"><span class=\"date tooltipster\" title=\"7 Available\"><span class=\"number\">29<\/span><\/span><\/div><div data-date=\"2026-04-30\" class=\"bc-col\"><span class=\"date tooltipster\" title=\"7 Available\"><span class=\"number\">30<\/span><\/span><\/div><div data-date=\"2026-05-1\" class=\"bc-col next-month\"><span class=\"date tooltipster\" title=\"7 Available\"><span class=\"number\">1<\/span><\/span><\/div><div data-date=\"2026-05-2\" class=\"bc-col next-month prev-date\"><span class=\"date\"><span class=\"number\">2<\/span><\/span><\/div><\/div>\t\t<\/div>\n\t<\/div><\/div><\/div>","protected":false},"excerpt":{"rendered":"<p>A trav\u00e9s del calendario que figura en nuestra p\u00e1gina, pod\u00e9s seleccionar d\u00eda y hora de tu consulta para reservar la misma.Se implementa -sin excepci\u00f3n- el cobro anticipado del monto completo por adelantado para la reserva de su turno.Esta medida es tomada debido al alto numero de cancelaciones sobre la hora, lo que priva a otros [&#8230;]\n","protected":false},"author":1,"featured_media":0,"parent":0,"menu_order":0,"comment_status":"closed","ping_status":"closed","template":"","meta":{"footnotes":""},"class_list":["post-4133","page","type-page","status-publish","hentry"],"_links":{"self":[{"href":"https:\/\/anacafe.com.ar\/es\/wp-json\/wp\/v2\/pages\/4133","targetHints":{"allow":["GET"]}}],"collection":[{"href":"https:\/\/anacafe.com.ar\/es\/wp-json\/wp\/v2\/pages"}],"about":[{"href":"https:\/\/anacafe.com.ar\/es\/wp-json\/wp\/v2\/types\/page"}],"author":[{"embeddable":true,"href":"https:\/\/anacafe.com.ar\/es\/wp-json\/wp\/v2\/users\/1"}],"replies":[{"embeddable":true,"href":"https:\/\/anacafe.com.ar\/es\/wp-json\/wp\/v2\/comments?post=4133"}],"version-history":[{"count":29,"href":"https:\/\/anacafe.com.ar\/es\/wp-json\/wp\/v2\/pages\/4133\/revisions"}],"predecessor-version":[{"id":4920,"href":"https:\/\/anacafe.com.ar\/es\/wp-json\/wp\/v2\/pages\/4133\/revisions\/4920"}],"wp:attachment":[{"href":"https:\/\/anacafe.com.ar\/es\/wp-json\/wp\/v2\/media?parent=4133"}],"curies":[{"name":"wp","href":"https:\/\/api.w.org\/{rel}","templated":true}]}}